{"id":1297,"date":"2020-12-16T09:36:39","date_gmt":"2020-12-16T12:36:39","guid":{"rendered":"https:\/\/salvabras.agenciaweber.tk\/?page_id=1297"},"modified":"2024-07-11T12:18:19","modified_gmt":"2024-07-11T15:18:19","slug":"onde-comprar","status":"publish","type":"page","link":"https:\/\/salvabras.com.br\/en\/onde-comprar\/","title":{"rendered":"Where to buy"},"content":{"rendered":"<div data-elementor-type=\"wp-page\" data-elementor-id=\"1297\" class=\"elementor elementor-1297\" data-elementor-post-type=\"page\">\n\t\t\t\t\t\t<section class=\"elementor-section elementor-top-section elementor-element elementor-element-92ca8a1 elementor-section-boxed elementor-section-height-default elementor-section-height-default\" data-id=\"92ca8a1\" data-element_type=\"section\" data-e-type=\"section\">\n\t\t\t\t\t\t<div class=\"elementor-container elementor-column-gap-default\">\n\t\t\t\t\t<div class=\"elementor-column elementor-col-100 elementor-top-column elementor-element elementor-element-cf93c2e\" data-id=\"cf93c2e\" data-element_type=\"column\" data-e-type=\"column\">\n\t\t\t<div class=\"elementor-widget-wrap elementor-element-populated\">\n\t\t\t\t\t\t<section class=\"elementor-section elementor-inner-section elementor-element elementor-element-55bb18a elementor-section-boxed elementor-section-height-default elementor-section-height-default\" data-id=\"55bb18a\" data-element_type=\"section\" data-e-type=\"section\">\n\t\t\t\t\t\t<div class=\"elementor-container elementor-column-gap-default\">\n\t\t\t\t\t<div class=\"elementor-column elementor-col-100 elementor-inner-column elementor-element elementor-element-b3d5445\" data-id=\"b3d5445\" data-element_type=\"column\" data-e-type=\"column\">\n\t\t\t<div class=\"elementor-widget-wrap elementor-element-populated\">\n\t\t\t\t\t\t<div class=\"elementor-element elementor-element-f98a743 elementor-widget elementor-widget-heading\" data-id=\"f98a743\" data-element_type=\"widget\" data-e-type=\"widget\" data-widget_type=\"heading.default\">\n\t\t\t\t<div class=\"elementor-widget-container\">\n\t\t\t\t\t<h1 class=\"elementor-heading-title elementor-size-default\">ONDE COMPRAR<\/h1>\t\t\t\t<\/div>\n\t\t\t\t<\/div>\n\t\t\t\t<div class=\"elementor-element elementor-element-8c65fb8 elementor-widget elementor-widget-progress\" data-id=\"8c65fb8\" data-element_type=\"widget\" data-e-type=\"widget\" data-widget_type=\"progress.default\">\n\t\t\t\t<div class=\"elementor-widget-container\">\n\t\t\t\t\t\n\t\t<div class=\"elementor-progress-wrapper\" role=\"progressbar\" aria-valuemin=\"0\" aria-valuemax=\"100\" aria-valuenow=\"100\">\n\t\t\t<div class=\"elementor-progress-bar\" data-max=\"100\">\n\t\t\t\t<span class=\"elementor-progress-text\"><\/span>\n\t\t\t\t\t\t\t<\/div>\n\t\t<\/div>\n\t\t\t\t\t\t<\/div>\n\t\t\t\t<\/div>\n\t\t\t\t\t<\/div>\n\t\t<\/div>\n\t\t\t\t\t<\/div>\n\t\t<\/section>\n\t\t\t\t<section class=\"elementor-section elementor-inner-section elementor-element elementor-element-a37cad3 elementor-section-boxed elementor-section-height-default elementor-section-height-default\" data-id=\"a37cad3\" data-element_type=\"section\" data-e-type=\"section\">\n\t\t\t\t\t\t<div class=\"elementor-container elementor-column-gap-default\">\n\t\t\t\t\t<div class=\"elementor-column elementor-col-100 elementor-inner-column elementor-element elementor-element-1cf754f\" data-id=\"1cf754f\" data-element_type=\"column\" data-e-type=\"column\">\n\t\t\t<div class=\"elementor-widget-wrap elementor-element-populated\">\n\t\t\t\t\t\t<div class=\"elementor-element elementor-element-ed402e9 elementor-widget elementor-widget-heading\" data-id=\"ed402e9\" data-element_type=\"widget\" data-e-type=\"widget\" data-widget_type=\"heading.default\">\n\t\t\t\t<div class=\"elementor-widget-container\">\n\t\t\t\t\t<h2 class=\"elementor-heading-title elementor-size-default\">Encontrar lojas pr\u00f3ximas<\/h2>\t\t\t\t<\/div>\n\t\t\t\t<\/div>\n\t\t\t\t<div class=\"elementor-element elementor-element-0306a6e elementor-drop-cap-yes elementor-drop-cap-view-default elementor-widget elementor-widget-text-editor\" data-id=\"0306a6e\" data-element_type=\"widget\" data-e-type=\"widget\" data-settings=\"{&quot;drop_cap&quot;:&quot;yes&quot;}\" data-widget_type=\"text-editor.default\">\n\t\t\t\t<div class=\"elementor-widget-container\">\n\t\t\t\t\t\t\t\t\tColoque seu CEP, que indicaremos as lojas mais pr\u00f3ximas de voc\u00ea!\t\t\t\t\t\t\t\t<\/div>\n\t\t\t\t<\/div>\n\t\t\t\t<div class=\"elementor-element elementor-element-b9e3699 elementor-widget elementor-widget-shortcode\" data-id=\"b9e3699\" data-element_type=\"widget\" data-e-type=\"widget\" data-widget_type=\"shortcode.default\">\n\t\t\t\t<div class=\"elementor-widget-container\">\n\t\t\t\t\t<div class=\"resales-container\">\r\n    <div class=\"d-flex\">\r\n        <div class=\"resales-column\">\r\n            <form class=\"busca-mapa\" action=\"\">\r\n                <div class=\"form-group\">\r\n                    <div class=\"input-group input-group-alternative\">\r\n                        <input type=\"text\" class=\"form-control input-cep\" id=\"exampleInputText1\" placeholder=\"00000-000\">\r\n                        <div class=\"input-group-prepend\">\r\n                            <button type=\"submit\" class=\"btn-filtrar input-group-text\"><i class=\"fa fa-map-marker\" aria-hidden=\"true\"><\/i> Encontrar<\/button>\r\n                        <\/div>\r\n                    <\/div>\r\n                <\/div>\r\n                <div class=\"form-group\">\r\n                    <div class=\"scroll-lojas\"><\/div>\r\n                <\/div>\r\n            <input type=\"hidden\" name=\"trp-form-language\" value=\"en\"\/><\/form>\r\n        <\/div>\r\n        <div class=\"resales-column\" id=\"revenderores_maps\"><\/div>\r\n    <\/div>\r\n<\/div>\t\t<div class=\"elementor-shortcode\"><\/div>\n\t\t\t\t\t\t<\/div>\n\t\t\t\t<\/div>\n\t\t\t\t<div class=\"elementor-element elementor-element-b1f6b58 elementor-widget elementor-widget-text-editor\" data-id=\"b1f6b58\" data-element_type=\"widget\" data-e-type=\"widget\" data-widget_type=\"text-editor.default\">\n\t\t\t\t<div class=\"elementor-widget-container\">\n\t\t\t\t\t\t\t\t\t<p>N\u00e3o encontrou o que procura?<a href=\"https:\/\/salvabras.com.br\/en\/fale-conosco\/\"> Clique aqui!<\/a><\/p>\t\t\t\t\t\t\t\t<\/div>\n\t\t\t\t<\/div>\n\t\t\t\t\t<\/div>\n\t\t<\/div>\n\t\t\t\t\t<\/div>\n\t\t<\/section>\n\t\t\t\t\t<\/div>\n\t\t<\/div>\n\t\t\t\t\t<\/div>\n\t\t<\/section>\n\t\t\t\t<section class=\"elementor-section elementor-top-section elementor-element elementor-element-86effa6 elementor-section-full_width elementor-section-height-default elementor-section-height-default\" data-id=\"86effa6\" data-element_type=\"section\" data-e-type=\"section\">\n\t\t\t\t\t\t<div class=\"elementor-container elementor-column-gap-default\">\n\t\t\t\t\t<div class=\"elementor-column elementor-col-100 elementor-top-column elementor-element elementor-element-c26d001\" data-id=\"c26d001\" data-element_type=\"column\" data-e-type=\"column\">\n\t\t\t<div class=\"elementor-widget-wrap elementor-element-populated\">\n\t\t\t\t\t\t<div class=\"elementor-element elementor-element-ca9f9f1 elementor-widget elementor-widget-shortcode\" data-id=\"ca9f9f1\" data-element_type=\"widget\" data-e-type=\"widget\" data-widget_type=\"shortcode.default\">\n\t\t\t\t<div class=\"elementor-widget-container\">\n\t\t\t\t\t\t\t<div class=\"elementor-shortcode\">\t\t<div data-elementor-type=\"section\" data-elementor-id=\"13870\" class=\"elementor elementor-13870\" data-elementor-post-type=\"elementor_library\">\n\t\t\t\t\t<section class=\"elementor-section elementor-top-section elementor-element elementor-element-5cd25add elementor-section-full_width elementor-section-height-default elementor-section-height-default\" data-id=\"5cd25add\" data-element_type=\"section\" data-e-type=\"section\" data-settings=\"{&quot;background_background&quot;:&quot;classic&quot;}\">\n\t\t\t\t\t\t<div class=\"elementor-container elementor-column-gap-default\">\n\t\t\t\t\t<div class=\"elementor-column elementor-col-100 elementor-top-column elementor-element elementor-element-3fe3983b\" data-id=\"3fe3983b\" data-element_type=\"column\" data-e-type=\"column\">\n\t\t\t<div class=\"elementor-widget-wrap elementor-element-populated\">\n\t\t\t\t\t\t<section class=\"elementor-section elementor-inner-section elementor-element elementor-element-2a9bcc22 elementor-section-boxed elementor-section-height-default elementor-section-height-default\" data-id=\"2a9bcc22\" data-element_type=\"section\" data-e-type=\"section\">\n\t\t\t\t\t\t<div class=\"elementor-container elementor-column-gap-default\">\n\t\t\t\t\t<div class=\"elementor-column elementor-col-50 elementor-inner-column elementor-element elementor-element-31912ee elementor-invisible\" data-id=\"31912ee\" data-element_type=\"column\" data-e-type=\"column\" data-settings=\"{&quot;background_background&quot;:&quot;classic&quot;,&quot;animation&quot;:&quot;fadeInLeft&quot;}\">\n\t\t\t<div class=\"elementor-widget-wrap elementor-element-populated\">\n\t\t\t\t\t\t<div class=\"elementor-element elementor-element-e39be94 elementor-icon-list--layout-inline elementor-align-start elementor-list-item-link-full_width elementor-widget elementor-widget-icon-list\" data-id=\"e39be94\" data-element_type=\"widget\" data-e-type=\"widget\" data-widget_type=\"icon-list.default\">\n\t\t\t\t<div class=\"elementor-widget-container\">\n\t\t\t\t\t\t\t<ul class=\"elementor-icon-list-items elementor-inline-items\">\n\t\t\t\t\t\t\t<li class=\"elementor-icon-list-item elementor-inline-item\">\n\t\t\t\t\t\t\t\t\t\t\t<span class=\"elementor-icon-list-icon\">\n\t\t\t\t\t\t\t<i aria-hidden=\"true\" class=\"far fa-edit\"><\/i>\t\t\t\t\t\t<\/span>\n\t\t\t\t\t\t\t\t\t\t<span class=\"elementor-icon-list-text\">Tips and Suggestions<\/span>\n\t\t\t\t\t\t\t\t\t<\/li>\n\t\t\t\t\t\t<\/ul>\n\t\t\t\t\t\t<\/div>\n\t\t\t\t<\/div>\n\t\t\t\t<div class=\"elementor-element elementor-element-18fbcc0c elementor-widget elementor-widget-text-editor\" data-id=\"18fbcc0c\" data-element_type=\"widget\" data-e-type=\"widget\" data-widget_type=\"text-editor.default\">\n\t\t\t\t<div class=\"elementor-widget-container\">\n\t\t\t\t\t\t\t\t\t<p>Our aim is to keep our customers in tune with the civil construction and logistics sectors, which is why we have prepared a channel providing some tips and suggestions for your day-to-day.<\/p>\t\t\t\t\t\t\t\t<\/div>\n\t\t\t\t<\/div>\n\t\t\t\t<div class=\"elementor-element elementor-element-ac76922 elementor-align-justify elementor-widget elementor-widget-button\" data-id=\"ac76922\" data-element_type=\"widget\" data-e-type=\"widget\" data-widget_type=\"button.default\">\n\t\t\t\t<div class=\"elementor-widget-container\">\n\t\t\t\t\t\t\t\t\t<div class=\"elementor-button-wrapper\">\n\t\t\t\t\t<a class=\"elementor-button elementor-button-link elementor-size-sm\" href=\"https:\/\/salvabras.com.br\/en\/category\/blog\/\">\n\t\t\t\t\t\t<span class=\"elementor-button-content-wrapper\">\n\t\t\t\t\t\t\t\t\t<span class=\"elementor-button-text\">More Information<\/span>\n\t\t\t\t\t<\/span>\n\t\t\t\t\t<\/a>\n\t\t\t\t<\/div>\n\t\t\t\t\t\t\t\t<\/div>\n\t\t\t\t<\/div>\n\t\t\t\t\t<\/div>\n\t\t<\/div>\n\t\t\t\t<div class=\"elementor-column elementor-col-50 elementor-inner-column elementor-element elementor-element-7e9774ab elementor-invisible\" data-id=\"7e9774ab\" data-element_type=\"column\" data-e-type=\"column\" data-settings=\"{&quot;background_background&quot;:&quot;classic&quot;,&quot;animation&quot;:&quot;fadeInRight&quot;}\">\n\t\t\t<div class=\"elementor-widget-wrap elementor-element-populated\">\n\t\t\t\t\t\t<div class=\"elementor-element elementor-element-560d56dd elementor-icon-list--layout-inline elementor-align-start elementor-list-item-link-full_width elementor-widget elementor-widget-icon-list\" data-id=\"560d56dd\" data-element_type=\"widget\" data-e-type=\"widget\" data-widget_type=\"icon-list.default\">\n\t\t\t\t<div class=\"elementor-widget-container\">\n\t\t\t\t\t\t\t<ul class=\"elementor-icon-list-items elementor-inline-items\">\n\t\t\t\t\t\t\t<li class=\"elementor-icon-list-item elementor-inline-item\">\n\t\t\t\t\t\t\t\t\t\t\t<span class=\"elementor-icon-list-icon\">\n\t\t\t\t\t\t\t<i aria-hidden=\"true\" class=\"far fa-comment-dots\"><\/i>\t\t\t\t\t\t<\/span>\n\t\t\t\t\t\t\t\t\t\t<span class=\"elementor-icon-list-text\">Contact Us<\/span>\n\t\t\t\t\t\t\t\t\t<\/li>\n\t\t\t\t\t\t<\/ul>\n\t\t\t\t\t\t<\/div>\n\t\t\t\t<\/div>\n\t\t\t\t<div class=\"elementor-element elementor-element-3b44e5a5 elementor-widget elementor-widget-text-editor\" data-id=\"3b44e5a5\" data-element_type=\"widget\" data-e-type=\"widget\" data-widget_type=\"text-editor.default\">\n\t\t\t\t<div class=\"elementor-widget-container\">\n\t\t\t\t\t\t\t\t\t<p>Want to talk to the Salvabras team? We have a call center ready to assist you or your company and clarify all your doubts.<\/p>\t\t\t\t\t\t\t\t<\/div>\n\t\t\t\t<\/div>\n\t\t\t\t<div class=\"elementor-element elementor-element-422351ea elementor-align-justify elementor-widget elementor-widget-button\" data-id=\"422351ea\" data-element_type=\"widget\" data-e-type=\"widget\" data-widget_type=\"button.default\">\n\t\t\t\t<div class=\"elementor-widget-container\">\n\t\t\t\t\t\t\t\t\t<div class=\"elementor-button-wrapper\">\n\t\t\t\t\t<a class=\"elementor-button elementor-button-link elementor-size-sm\" href=\"https:\/\/salvabras.com.br\/en\/fale-conosco\/\">\n\t\t\t\t\t\t<span class=\"elementor-button-content-wrapper\">\n\t\t\t\t\t\t\t\t\t<span class=\"elementor-button-text\">More Information<\/span>\n\t\t\t\t\t<\/span>\n\t\t\t\t\t<\/a>\n\t\t\t\t<\/div>\n\t\t\t\t\t\t\t\t<\/div>\n\t\t\t\t<\/div>\n\t\t\t\t\t<\/div>\n\t\t<\/div>\n\t\t\t\t\t<\/div>\n\t\t<\/section>\n\t\t\t\t\t<\/div>\n\t\t<\/div>\n\t\t\t\t\t<\/div>\n\t\t<\/section>\n\t\t\t\t<\/div>\n\t\t<\/div>\n\t\t\t\t\t\t<\/div>\n\t\t\t\t<\/div>\n\t\t\t\t\t<\/div>\n\t\t<\/div>\n\t\t\t\t\t<\/div>\n\t\t<\/section>\n\t\t\t\t<\/div>","protected":false},"excerpt":{"rendered":"<p>ONDE COMPRAR Encontrar lojas pr\u00f3ximas Coloque seu CEP, que indicaremos as lojas mais pr\u00f3ximas de voc\u00ea! N\u00e3o encontrou o que procura? Clique aqui!<\/p>","protected":false},"author":11710,"featured_media":0,"parent":0,"menu_order":0,"comment_status":"closed","ping_status":"closed","template":"elementor_header_footer","meta":{"site-sidebar-layout":"no-sidebar","site-content-layout":"page-builder","ast-site-content-layout":"default","site-content-style":"default","site-sidebar-style":"default","ast-global-header-display":"","ast-banner-title-visibility":"","ast-main-header-display":"","ast-hfb-above-header-display":"","ast-hfb-below-header-display":"","ast-hfb-mobile-header-display":"","site-post-title":"disabled","ast-breadcrumbs-content":"","ast-featured-img":"disabled","footer-sml-layout":"","ast-disable-related-posts":"","theme-transparent-header-meta":"default","adv-header-id-meta":"","stick-header-meta":"","header-above-stick-meta":"","header-main-stick-meta":"","header-below-stick-meta":"","astra-migrate-meta-layouts":"default","ast-page-background-enabled":"default","ast-page-background-meta":{"desktop":{"background-color":"","background-image":"","background-repeat":"repeat","background-position":"center center","background-size":"auto","background-attachment":"scroll","background-type":"","background-media":"","overlay-type":"","overlay-color":"","overlay-opacity":"","overlay-gradient":""},"tablet":{"background-color":"","background-image":"","background-repeat":"repeat","background-position":"center center","background-size":"auto","background-attachment":"scroll","background-type":"","background-media":"","overlay-type":"","overlay-color":"","overlay-opacity":"","overlay-gradient":""},"mobile":{"background-color":"","background-image":"","background-repeat":"repeat","background-position":"center center","background-size":"auto","background-attachment":"scroll","background-type":"","background-media":"","overlay-type":"","overlay-color":"","overlay-opacity":"","overlay-gradient":""}},"ast-content-background-meta":{"desktop":{"background-color":"var(--ast-global-color-5)","background-image":"","background-repeat":"repeat","background-position":"center center","background-size":"auto","background-attachment":"scroll","background-type":"","background-media":"","overlay-type":"","overlay-color":"","overlay-opacity":"","overlay-gradient":""},"tablet":{"background-color":"var(--ast-global-color-5)","background-image":"","background-repeat":"repeat","background-position":"center center","background-size":"auto","background-attachment":"scroll","background-type":"","background-media":"","overlay-type":"","overlay-color":"","overlay-opacity":"","overlay-gradient":""},"mobile":{"background-color":"var(--ast-global-color-5)","background-image":"","background-repeat":"repeat","background-position":"center center","background-size":"auto","background-attachment":"scroll","background-type":"","background-media":"","overlay-type":"","overlay-color":"","overlay-opacity":"","overlay-gradient":""}},"_joinchat":[],"footnotes":""},"class_list":["post-1297","page","type-page","status-publish","hentry"],"yoast_head":"<!-- This site is optimized with the Yoast SEO plugin v27.3 - https:\/\/yoast.com\/product\/yoast-seo-wordpress\/ -->\n<title>Onde Comprar - Salvabras<\/title>\n<meta name=\"description\" content=\"Gostaria de comprar os produtos Salvabr\u00e1s? Consulte o seu CEP e localize o nosso revendedor mais pr\u00f3ximo de voc\u00ea!\" \/>\n<meta name=\"robots\" content=\"index, follow, max-snippet:-1, max-image-preview:large, max-video-preview:-1\" \/>\n<link rel=\"canonical\" href=\"https:\/\/salvabras.com.br\/en\/onde-comprar\/\" \/>\n<meta property=\"og:locale\" content=\"en_US\" \/>\n<meta property=\"og:type\" content=\"article\" \/>\n<meta property=\"og:title\" content=\"Onde Comprar - Salvabras\" \/>\n<meta property=\"og:description\" content=\"Gostaria de comprar os produtos Salvabr\u00e1s? Consulte o seu CEP e localize o nosso revendedor mais pr\u00f3ximo de voc\u00ea!\" \/>\n<meta property=\"og:url\" content=\"https:\/\/salvabras.com.br\/en\/onde-comprar\/\" \/>\n<meta property=\"og:site_name\" content=\"Salvabras\" \/>\n<meta property=\"article:publisher\" content=\"https:\/\/www.facebook.com\/salvabrasoficial\/\" \/>\n<meta property=\"article:modified_time\" content=\"2024-07-11T15:18:19+00:00\" \/>\n<meta name=\"twitter:card\" content=\"summary_large_image\" \/>\n<meta name=\"twitter:label1\" content=\"Est. reading time\" \/>\n\t<meta name=\"twitter:data1\" content=\"3 minutes\" \/>\n<script type=\"application\/ld+json\" class=\"yoast-schema-graph\">{\"@context\":\"https:\\\/\\\/schema.org\",\"@graph\":[{\"@type\":\"WebPage\",\"@id\":\"https:\\\/\\\/salvabras.com.br\\\/onde-comprar\\\/\",\"url\":\"https:\\\/\\\/salvabras.com.br\\\/onde-comprar\\\/\",\"name\":\"Onde Comprar - Salvabras\",\"isPartOf\":{\"@id\":\"https:\\\/\\\/salvabras.com.br\\\/#website\"},\"datePublished\":\"2020-12-16T12:36:39+00:00\",\"dateModified\":\"2024-07-11T15:18:19+00:00\",\"description\":\"Gostaria de comprar os produtos Salvabr\u00e1s? Consulte o seu CEP e localize o nosso revendedor mais pr\u00f3ximo de voc\u00ea!\",\"breadcrumb\":{\"@id\":\"https:\\\/\\\/salvabras.com.br\\\/onde-comprar\\\/#breadcrumb\"},\"inLanguage\":\"en-US\",\"potentialAction\":[{\"@type\":\"ReadAction\",\"target\":[\"https:\\\/\\\/salvabras.com.br\\\/onde-comprar\\\/\"]}]},{\"@type\":\"BreadcrumbList\",\"@id\":\"https:\\\/\\\/salvabras.com.br\\\/onde-comprar\\\/#breadcrumb\",\"itemListElement\":[{\"@type\":\"ListItem\",\"position\":1,\"name\":\"In\u00edcio\",\"item\":\"https:\\\/\\\/salvabras.com.br\\\/\"},{\"@type\":\"ListItem\",\"position\":2,\"name\":\"Onde Comprar\"}]},{\"@type\":\"WebSite\",\"@id\":\"https:\\\/\\\/salvabras.com.br\\\/#website\",\"url\":\"https:\\\/\\\/salvabras.com.br\\\/\",\"name\":\"Salvabras\",\"description\":\"Prote\u00e7\u00f5es para Acabamento\",\"publisher\":{\"@id\":\"https:\\\/\\\/salvabras.com.br\\\/#organization\"},\"potentialAction\":[{\"@type\":\"SearchAction\",\"target\":{\"@type\":\"EntryPoint\",\"urlTemplate\":\"https:\\\/\\\/salvabras.com.br\\\/?s={search_term_string}\"},\"query-input\":{\"@type\":\"PropertyValueSpecification\",\"valueRequired\":true,\"valueName\":\"search_term_string\"}}],\"inLanguage\":\"en-US\"},{\"@type\":\"Organization\",\"@id\":\"https:\\\/\\\/salvabras.com.br\\\/#organization\",\"name\":\"Salvabras\",\"url\":\"https:\\\/\\\/salvabras.com.br\\\/\",\"logo\":{\"@type\":\"ImageObject\",\"inLanguage\":\"en-US\",\"@id\":\"https:\\\/\\\/salvabras.com.br\\\/#\\\/schema\\\/logo\\\/image\\\/\",\"url\":\"https:\\\/\\\/salvabras.com.br\\\/wp-content\\\/uploads\\\/2020\\\/12\\\/Versao-preferencial-negativa-scaled.png\",\"contentUrl\":\"https:\\\/\\\/salvabras.com.br\\\/wp-content\\\/uploads\\\/2020\\\/12\\\/Versao-preferencial-negativa-scaled.png\",\"width\":2560,\"height\":683,\"caption\":\"Salvabras\"},\"image\":{\"@id\":\"https:\\\/\\\/salvabras.com.br\\\/#\\\/schema\\\/logo\\\/image\\\/\"},\"sameAs\":[\"https:\\\/\\\/www.facebook.com\\\/salvabrasoficial\\\/\",\"https:\\\/\\\/www.instagram.com\\\/salvabras\\\/\"]}]}<\/script>\n<!-- \/ Yoast SEO plugin. -->","yoast_head_json":{"title":"Onde Comprar - Salvabras","description":"Gostaria de comprar os produtos Salvabr\u00e1s? Consulte o seu CEP e localize o nosso revendedor mais pr\u00f3ximo de voc\u00ea!","robots":{"index":"index","follow":"follow","max-snippet":"max-snippet:-1","max-image-preview":"max-image-preview:large","max-video-preview":"max-video-preview:-1"},"canonical":"https:\/\/salvabras.com.br\/en\/onde-comprar\/","og_locale":"en_US","og_type":"article","og_title":"Onde Comprar - Salvabras","og_description":"Gostaria de comprar os produtos Salvabr\u00e1s? Consulte o seu CEP e localize o nosso revendedor mais pr\u00f3ximo de voc\u00ea!","og_url":"https:\/\/salvabras.com.br\/en\/onde-comprar\/","og_site_name":"Salvabras","article_publisher":"https:\/\/www.facebook.com\/salvabrasoficial\/","article_modified_time":"2024-07-11T15:18:19+00:00","twitter_card":"summary_large_image","twitter_misc":{"Est. reading time":"3 minutes"},"schema":{"@context":"https:\/\/schema.org","@graph":[{"@type":"WebPage","@id":"https:\/\/salvabras.com.br\/onde-comprar\/","url":"https:\/\/salvabras.com.br\/onde-comprar\/","name":"Onde Comprar - Salvabras","isPartOf":{"@id":"https:\/\/salvabras.com.br\/#website"},"datePublished":"2020-12-16T12:36:39+00:00","dateModified":"2024-07-11T15:18:19+00:00","description":"Gostaria de comprar os produtos Salvabr\u00e1s? Consulte o seu CEP e localize o nosso revendedor mais pr\u00f3ximo de voc\u00ea!","breadcrumb":{"@id":"https:\/\/salvabras.com.br\/onde-comprar\/#breadcrumb"},"inLanguage":"en-US","potentialAction":[{"@type":"ReadAction","target":["https:\/\/salvabras.com.br\/onde-comprar\/"]}]},{"@type":"BreadcrumbList","@id":"https:\/\/salvabras.com.br\/onde-comprar\/#breadcrumb","itemListElement":[{"@type":"ListItem","position":1,"name":"In\u00edcio","item":"https:\/\/salvabras.com.br\/"},{"@type":"ListItem","position":2,"name":"Onde Comprar"}]},{"@type":"WebSite","@id":"https:\/\/salvabras.com.br\/#website","url":"https:\/\/salvabras.com.br\/","name":"Salvabras","description":"Prote\u00e7\u00f5es para Acabamento","publisher":{"@id":"https:\/\/salvabras.com.br\/#organization"},"potentialAction":[{"@type":"SearchAction","target":{"@type":"EntryPoint","urlTemplate":"https:\/\/salvabras.com.br\/?s={search_term_string}"},"query-input":{"@type":"PropertyValueSpecification","valueRequired":true,"valueName":"search_term_string"}}],"inLanguage":"en-US"},{"@type":"Organization","@id":"https:\/\/salvabras.com.br\/#organization","name":"Salvabras","url":"https:\/\/salvabras.com.br\/","logo":{"@type":"ImageObject","inLanguage":"en-US","@id":"https:\/\/salvabras.com.br\/#\/schema\/logo\/image\/","url":"https:\/\/salvabras.com.br\/wp-content\/uploads\/2020\/12\/Versao-preferencial-negativa-scaled.png","contentUrl":"https:\/\/salvabras.com.br\/wp-content\/uploads\/2020\/12\/Versao-preferencial-negativa-scaled.png","width":2560,"height":683,"caption":"Salvabras"},"image":{"@id":"https:\/\/salvabras.com.br\/#\/schema\/logo\/image\/"},"sameAs":["https:\/\/www.facebook.com\/salvabrasoficial\/","https:\/\/www.instagram.com\/salvabras\/"]}]}},"_links":{"self":[{"href":"https:\/\/salvabras.com.br\/en\/wp-json\/wp\/v2\/pages\/1297","targetHints":{"allow":["GET"]}}],"collection":[{"href":"https:\/\/salvabras.com.br\/en\/wp-json\/wp\/v2\/pages"}],"about":[{"href":"https:\/\/salvabras.com.br\/en\/wp-json\/wp\/v2\/types\/page"}],"author":[{"embeddable":true,"href":"https:\/\/salvabras.com.br\/en\/wp-json\/wp\/v2\/users\/11710"}],"replies":[{"embeddable":true,"href":"https:\/\/salvabras.com.br\/en\/wp-json\/wp\/v2\/comments?post=1297"}],"version-history":[{"count":244,"href":"https:\/\/salvabras.com.br\/en\/wp-json\/wp\/v2\/pages\/1297\/revisions"}],"predecessor-version":[{"id":17923,"href":"https:\/\/salvabras.com.br\/en\/wp-json\/wp\/v2\/pages\/1297\/revisions\/17923"}],"wp:attachment":[{"href":"https:\/\/salvabras.com.br\/en\/wp-json\/wp\/v2\/media?parent=1297"}],"curies":[{"name":"wp","href":"https:\/\/api.w.org\/{rel}","templated":true}]}}